{"id":500,"date":"2024-06-18T13:00:00","date_gmt":"2024-06-18T18:00:00","guid":{"rendered":"https:\/\/www.testmyspeed.com\/internet-geschwindigkeitstest"},"modified":"2026-03-11T02:43:21","modified_gmt":"2026-03-11T07:43:21","slug":"internet-geschwindigkeitstest","status":"publish","type":"page","link":"https:\/\/www.testmyspeed.com\/de","title":{"rendered":"Internet-Geschwindigkeitstest"},"content":{"rendered":"\n<section class=\"section-fw-html py-50\" style=\"background: #E8F9F9;\">\n    <div class=\"container \">\n          \n        \n        <div class=\"iframe-container \">\n            <!-- <iframe loading=\"lazy\" width=\"100%\" height=\"650px\" frameborder=\"0\" style=\"border-radius: 20px;\" src=\"https:\/\/tms-tool.speedtestcustom.com\"><\/iframe> -->\r\n<section id=\"tms-root\"><\/section>        <\/div>\n            \n    <\/div>\n<\/section><div class=\"container \"><div class=\"row justify-content-center\"><div class=\"col col-12 col-lg-10\">\n\n<\/div><\/div><\/div><div class=\"container core\/spacer\"><div class=\"row justify-content-center\"><div class=\"col col-12 col-lg-10\">\n<div style=\"height:64px\" aria-hidden=\"true\" class=\"wp-block-spacer\"><\/div>\n<\/div><\/div><\/div><div class=\"container \"><div class=\"row justify-content-center\"><div class=\"col col-12 col-lg-10\">\n\n<\/div><\/div><\/div><section class=\"container\">\n    <div class=\"hmsdin-container p-4 p-md-5 border-radius-10\">\n        <div class=\"row mb-4\">\n            <div class=\"col d-lg-flex justify-content-between align-items-start\">\n                <div>\n                                            <h2 class=\"mb-2 mb-md-0\">Wie viel Internetgeschwindigkeit ben\u00f6tigen Sie wirklich?<\/h2>\n                                                        <\/div>\n                            <\/div>\n        <\/div>\n        \n                <div class=\"row\">           \n        \n                            <div class=\"col-12 col-md-6 col-lg-3 px-4\"> \n                    <h4 class=\"mb-3\">50 Mbit\/s<\/h4>\n                    <p>Grundlegendes Surfen und E-Mail. Am besten f\u00fcr: 1\u20132 Ger\u00e4te<\/p>\n                <\/div>  \n                 \n           \n                            <div class=\"col-12 col-md-6 col-lg-3 px-4\"> \n                    <h4 class=\"mb-3\">50-100 Mbit\/s<\/h4>\n                    <p>Standard-Streaming und Videoanrufe. Am besten f\u00fcr: 3\u20134 Ger\u00e4te<\/p>\n                <\/div>  \n                 \n           \n                            <div class=\"col-12 col-md-6 col-lg-3 px-4\"> \n                    <h4 class=\"mb-3\">100\u2013400 Mbit\/s<\/h4>\n                    <p>HD-Streaming und Online-Gaming mit minimaler Verz\u00f6gerung. Am besten f\u00fcr: 5\u20138 Ger\u00e4te<\/p>\n                <\/div>  \n                 \n           \n                            <div class=\"col-12 col-md-6 col-lg-3 px-4\"> \n                    <h4 class=\"mb-3\">500+ Mbit\/s<\/h4>\n                    <p>Intensives 4K-Streaming, Gaming, Remote-Arbeit und gro\u00dfe Haushalte. Am besten f\u00fcr: 10\u201312 Ger\u00e4te<\/p>\n                <\/div>  \n                 \n           \n                        \n           <\/div>\n        \n                     \n          \n        \n    <\/div>    \n<\/section>\n\n\n<div class=\"container \"><div class=\"row justify-content-center\"><div class=\"col col-12 col-lg-10\">\n\n<\/div><\/div><\/div><div class=\"container core\/spacer\"><div class=\"row justify-content-center\"><div class=\"col col-12 col-lg-10\">\n<div style=\"height:64px\" aria-hidden=\"true\" class=\"wp-block-spacer\"><\/div>\n<\/div><\/div><\/div><div class=\"container \"><div class=\"row justify-content-center\"><div class=\"col col-12 col-lg-10\">\n\n<\/div><\/div><\/div>\n\n    <section class=\"section-insights-tiles py-50\">\n        <div class=\"container\">\n            <div class=\"row justify-content-center\">\n                <div class=\"col-12 col-lg-10\">\n                    <div class=\"tile-copy\">\n                        <h2>Leitf\u00e4den zur Internetgeschwindigkeit<\/h2>\n                                            <\/div>\n                    \n\n                    <div class=\"row\">\n                                            <div class=\"col col-12 col-md-12 col-lg-4\">\n                            <a href=\"https:\/\/www.testmyspeed.com\/insights\/internet-slow-reasons-why\" class=\"insight-tile-cont h-100\">\n                            <div class=\"tile-header\">\n                                <div class=\"img-cont\">\n                                    <img decoding=\"async\" src=\"https:\/\/www.testmyspeed.com\/wp-content\/uploads\/2022\/03\/fix_slow_internet_speed_featured_graphic.png\" alt=\"15 Reasons for Slow Internet\">\n                                <\/div>\n                            <\/div>\n                            <div class=\"tile-body\">\n                                <h3>15 Reasons for Slow Internet<\/h3>\n                                <span class=\"text-grey mb-4 d-block\">By: Keith Carlson<\/span>                                <span class=\"btn btn-primary btn-sm\"><span> Mehr lesen<\/span><\/span>\n                            <\/div>\n                            <\/a>\n                        <\/div>\n                                            <div class=\"col col-12 col-md-12 col-lg-4\">\n                            <a href=\"https:\/\/www.testmyspeed.com\/insights\/download-vs-upload-speeds\" class=\"insight-tile-cont h-100\">\n                            <div class=\"tile-header\">\n                                <div class=\"img-cont\">\n                                    <img decoding=\"async\" src=\"https:\/\/www.testmyspeed.com\/wp-content\/uploads\/2022\/03\/download_upload_speeds_featured_graphic.png\" alt=\"Download vs. Upload Speeds: A Complete Guide to Internet Performance\">\n                                <\/div>\n                            <\/div>\n                            <div class=\"tile-body\">\n                                <h3>Download vs. Upload Speeds: A Complete Guide to Internet Performance<\/h3>\n                                <span class=\"text-grey mb-4 d-block\">By: Keith Carlson<\/span>                                <span class=\"btn btn-primary btn-sm\"><span> Mehr lesen<\/span><\/span>\n                            <\/div>\n                            <\/a>\n                        <\/div>\n                                            <div class=\"col col-12 col-md-12 col-lg-4\">\n                            <a href=\"https:\/\/www.testmyspeed.com\/insights\/internet-speed-test-results-explained\" class=\"insight-tile-cont h-100\">\n                            <div class=\"tile-header\">\n                                <div class=\"img-cont\">\n                                    <img decoding=\"async\" src=\"https:\/\/www.testmyspeed.com\/wp-content\/uploads\/2023\/08\/internet_speed_test_results_explained.png\" alt=\"Internet Speed Test Results Explained\">\n                                <\/div>\n                            <\/div>\n                            <div class=\"tile-body\">\n                                <h3>Internet Speed Test Results Explained<\/h3>\n                                <span class=\"text-grey mb-4 d-block\">By: Keith Carlson<\/span>                                <span class=\"btn btn-primary btn-sm\"><span> Mehr lesen<\/span><\/span>\n                            <\/div>\n                            <\/a>\n                        <\/div>\n                                        <\/div>\n                <\/div>\n                \n            <\/div>\n        <\/div>\n    <\/section>\n\n<div class=\"container \"><div class=\"row justify-content-center\"><div class=\"col col-12 col-lg-10\">\n\n<\/div><\/div><\/div><div class=\"container core\/spacer\"><div class=\"row justify-content-center\"><div class=\"col col-12 col-lg-10\">\n<div style=\"height:64px\" aria-hidden=\"true\" class=\"wp-block-spacer\"><\/div>\n<\/div><\/div><\/div><div class=\"container \"><div class=\"row justify-content-center\"><div class=\"col col-12 col-lg-10\">\n\n<\/div><\/div><\/div>\n<section class=\"section-faq mb-50 mt-0 mt-md-50\">\n    <div class=\"container\">\n        <div class=\"row justify-content-center row-faq\">\n            <div class=\"col col-12 col-lg-10 col-faq-wrap\">\n                <h2>FAQs zum Geschwindigkeitstest<\/h2><div class=\"faq-card\"><h3 class=\"question\">Was ist ein Internet-Geschwindigkeitstest?<\/h3><div class=\"answer\"><p><span style=\"font-weight: 400;\">Die meisten <\/span><a href=\"https:\/\/www.highspeedoptions.com\/internet\"><span style=\"font-weight: 400;\">Internetanbieter<\/span><\/a><span style=\"font-weight: 400;\"> werben mit maximal verf\u00fcgbaren Geschwindigkeiten, daher ist es nicht ungew\u00f6hnlich, Unterschiede zwischen Ihrer tats\u00e4chlichen Geschwindigkeit und der gebuchten Geschwindigkeit zu sehen. Ein Internet-Geschwindigkeitstest ist eine zuverl\u00e4ssige Methode, um die Geschwindigkeit und Qualit\u00e4t Ihrer Internetverbindung bei Ihrem aktuellen Anbieter zu \u00fcberpr\u00fcfen. <\/span><\/p>\n<\/div><\/div><div class=\"faq-card\"><h3 class=\"question\">Wie teste ich meine Internetgeschwindigkeit?<\/h3><div class=\"answer\"><p><span style=\"font-weight: 400;\">Verwenden Sie TestMySpeed, um in weniger als einer Minute einen Geschwindigkeitstest durchzuf\u00fchren. Klicken Sie einfach auf Start, und unser Test f\u00fchrt im Hintergrund Diagnosen durch und liefert Ihnen <\/span><a href=\"\/insights\/internet-speed-test-results-explained\"><span style=\"font-weight: 400;\">Ihre Testergebnisse<\/span><\/a><span style=\"font-weight: 400;\">. <\/span><\/p>\n<p>Was misst ein Internet-Geschwindigkeitstest?<br \/>\nEin Internet-Geschwindigkeitstest misst Folgendes:<\/p>\n<ul>\n<li><a href=\"\/insights\/download-vs-upload-speeds\">Download- und Upload-Geschwindigkeiten<\/a>: Diese zeigen, wie schnell Sie Dateien aus dem Internet herunterladen bzw. ins Internet hochladen k\u00f6nnen.<\/li>\n<li>Ping-Zeit: Die Zeit, die ein Signal ben\u00f6tigt, um von Ihrem Computer zu einem Server und zur\u00fcck zu gelangen.<\/li>\n<\/ul>\n<p><span style=\"font-weight: 400;\">Diese Ergebnisse helfen dabei, die Leistung Ihrer <\/span><span style=\"font-weight: 400;\">Internetverbindung<\/span><span style=\"font-weight: 400;\"> zu bewerten und festzustellen, ob Sie die Geschwindigkeit erhalten, f\u00fcr die Sie bezahlen.<\/span><\/p>\n<\/div><\/div><div class=\"faq-card\"><h3 class=\"question\">Was misst ein Internet-Geschwindigkeitstest?<\/h3><div class=\"answer\"><p>Ein Internet-Geschwindigkeitstest misst Folgendes:<\/p>\n<ul>\n<li><a href=\"\/insights\/download-vs-upload-speeds\">Download- und Upload-Geschwindigkeiten<\/a>: Diese zeigen, wie schnell Sie Dateien aus dem Internet herunterladen bzw. ins Internet hochladen k\u00f6nnen.<\/li>\n<li>Ping-Zeit: Die Zeit, die ein Signal ben\u00f6tigt, um von Ihrem Computer zu einem Server und zur\u00fcck zu gelangen.<\/li>\n<\/ul>\n<p><span style=\"font-weight: 400;\">Diese Ergebnisse helfen dabei, die Leistung Ihrer <\/span><span style=\"font-weight: 400;\">Internetverbindung<\/span><span style=\"font-weight: 400;\"> zu bewerten und festzustellen, ob Sie die Geschwindigkeit erhalten, f\u00fcr die Sie bezahlen.<\/span><\/p>\n<\/div><\/div><div class=\"faq-card\"><h3 class=\"question\">Wie kann ich eine Drosselung durch meinen ISP vermeiden?<\/h3><div class=\"answer\"><p><a href=\"https:\/\/www.highspeedoptions.com\/resources\/insights\/how-to-tell-internet-throttled-ways-to-avoid-it\" target=\"_blank\" rel=\"noopener\"><span style=\"font-weight: 400;\">ISP-Drosselung<\/span><\/a><span style=\"font-weight: 400;\"> liegt vor, wenn Ihr Anbieter Ihre Verbindung absichtlich verlangsamt. Dies kann aufgrund von <\/span><a href=\"https:\/\/www.highspeedoptions.com\/resources\/insights\/slow-internet-at-night\"><span style=\"font-weight: 400;\">Netzwerk\u00fcberlastung<\/span><\/a><span style=\"font-weight: 400;\"> oder einer Einschr\u00e4nkung bestimmter Datenarten erfolgen. Ein schneller WLAN-Test kann best\u00e4tigen, ob Ihre Verbindung gedrosselt wird.<\/span><\/p>\n<\/div><\/div><div class=\"faq-card\"><h3 class=\"question\">Warum ist mein Internet so langsam?<\/h3><div class=\"answer\"><p><span style=\"font-weight: 400;\">Mehrere Faktoren k\u00f6nnen <\/span><a href=\"\/insights\/internet-slow-reasons-why\"><span style=\"font-weight: 400;\">langsames Internet<\/span><\/a><span style=\"font-weight: 400;\"> verursachen, etwa Netzwerk\u00fcberlastung oder die Entfernung zu Ihrem WLAN-Router. Ein Bandbreitentest hilft zu pr\u00fcfen, wie stark Ihre tats\u00e4chliche Geschwindigkeit von der bezahlten abweicht. Wenn Sie das Problem nicht selbst l\u00f6sen k\u00f6nnen, wenden Sie sich an Ihren Anbieter.<\/span><\/p>\n<\/div><\/div><div class=\"faq-card\"><h3 class=\"question\">Wie kann ich meine WLAN-Geschwindigkeit verbessern?<\/h3><div class=\"answer\"><p class=\"p1\"><span style=\"font-weight: 400;\">Es gibt verschiedene M\u00f6glichkeiten, <\/span><a href=\"https:\/\/www.highspeedoptions.com\/resources\/insights\/how-to-boost-wifi-signal\"><span style=\"font-weight: 400;\">Ihre WLAN-Geschwindigkeit zu verbessern<\/span><\/a><span style=\"font-weight: 400;\">. Zu den effektivsten Tipps geh\u00f6ren:<\/span><\/p>\n<ul>\n<li style=\"text-align: left;\">Platzieren Sie Ihren Router zentral.<\/li>\n<li style=\"text-align: left;\">Vermeiden Sie die N\u00e4he zu Metallgegenst\u00e4nden oder Elektroger\u00e4ten.<\/li>\n<li style=\"text-align: left;\">Verwenden Sie einen <a href=\"https:\/\/www.highspeedoptions.com\/resources\/insights\/wifi-extenders-vs-mesh-wifi\">WLAN-Verst\u00e4rker<\/a><\/li>\n<li style=\"text-align: left;\">Aktualisieren Sie die Firmware Ihres Routers.<\/li>\n<\/ul>\n<\/div><\/div>            <\/div>\n        <\/div>\n    <\/div>\n<\/section>\n\n<script type=\"application\/ld+json\">\n{\n    \"@context\": \"https:\/\/schema.org\",\n    \"@type\": \"FAQPage\",\n    \"mainEntity\": [\n        {\n            \"@type\": \"Question\",\n            \"name\": \"Was ist ein Internet-Geschwindigkeitstest?\",\n            \"acceptedAnswer\": {\n                \"@type\": \"Answer\",\n                \"text\": \"Die meisten Internetanbieter werben mit maximal verf\u00fcgbaren Geschwindigkeiten, daher ist es nicht ungew\u00f6hnlich, Unterschiede zwischen Ihrer tats\u00e4chlichen Geschwindigkeit und der gebuchten Geschwindigkeit zu sehen. Ein Internet-Geschwindigkeitstest ist eine zuverl\u00e4ssige Methode, um die Geschwindigkeit und Qualit\u00e4t Ihrer Internetverbindung bei Ihrem aktuellen Anbieter zu \u00fcberpr\u00fcfen.\"\n            }\n        },\n        {\n            \"@type\": \"Question\",\n            \"name\": \"Wie teste ich meine Internetgeschwindigkeit?\",\n            \"acceptedAnswer\": {\n                \"@type\": \"Answer\",\n                \"text\": \"Verwenden Sie TestMySpeed, um in weniger als einer Minute einen Geschwindigkeitstest durchzuf\u00fchren. Klicken Sie einfach auf Start, und unser Test f\u00fchrt im Hintergrund Diagnosen durch und liefert Ihnen Ihre Testergebnisse. \\nWas misst ein Internet-Geschwindigkeitstest?\\nEin Internet-Geschwindigkeitstest misst Folgendes:\\n\\nDownload- und Upload-Geschwindigkeiten: Diese zeigen, wie schnell Sie Dateien aus dem Internet herunterladen bzw. ins Internet hochladen k\u00f6nnen.\\nPing-Zeit: Die Zeit, die ein Signal ben\u00f6tigt, um von Ihrem Computer zu einem Server und zur\u00fcck zu gelangen.\\n\\nDiese Ergebnisse helfen dabei, die Leistung Ihrer Internetverbindung zu bewerten und festzustellen, ob Sie die Geschwindigkeit erhalten, f\u00fcr die Sie bezahlen.\"\n            }\n        },\n        {\n            \"@type\": \"Question\",\n            \"name\": \"Was misst ein Internet-Geschwindigkeitstest?\",\n            \"acceptedAnswer\": {\n                \"@type\": \"Answer\",\n                \"text\": \"Ein Internet-Geschwindigkeitstest misst Folgendes:\\n\\nDownload- und Upload-Geschwindigkeiten: Diese zeigen, wie schnell Sie Dateien aus dem Internet herunterladen bzw. ins Internet hochladen k\u00f6nnen.\\nPing-Zeit: Die Zeit, die ein Signal ben\u00f6tigt, um von Ihrem Computer zu einem Server und zur\u00fcck zu gelangen.\\n\\nDiese Ergebnisse helfen dabei, die Leistung Ihrer Internetverbindung zu bewerten und festzustellen, ob Sie die Geschwindigkeit erhalten, f\u00fcr die Sie bezahlen.\"\n            }\n        },\n        {\n            \"@type\": \"Question\",\n            \"name\": \"Wie kann ich eine Drosselung durch meinen ISP vermeiden?\",\n            \"acceptedAnswer\": {\n                \"@type\": \"Answer\",\n                \"text\": \"ISP-Drosselung liegt vor, wenn Ihr Anbieter Ihre Verbindung absichtlich verlangsamt. Dies kann aufgrund von Netzwerk\u00fcberlastung oder einer Einschr\u00e4nkung bestimmter Datenarten erfolgen. Ein schneller WLAN-Test kann best\u00e4tigen, ob Ihre Verbindung gedrosselt wird.\"\n            }\n        },\n        {\n            \"@type\": \"Question\",\n            \"name\": \"Warum ist mein Internet so langsam?\",\n            \"acceptedAnswer\": {\n                \"@type\": \"Answer\",\n                \"text\": \"Mehrere Faktoren k\u00f6nnen langsames Internet verursachen, etwa Netzwerk\u00fcberlastung oder die Entfernung zu Ihrem WLAN-Router. Ein Bandbreitentest hilft zu pr\u00fcfen, wie stark Ihre tats\u00e4chliche Geschwindigkeit von der bezahlten abweicht. Wenn Sie das Problem nicht selbst l\u00f6sen k\u00f6nnen, wenden Sie sich an Ihren Anbieter.\"\n            }\n        },\n        {\n            \"@type\": \"Question\",\n            \"name\": \"Wie kann ich meine WLAN-Geschwindigkeit verbessern?\",\n            \"acceptedAnswer\": {\n                \"@type\": \"Answer\",\n                \"text\": \"Es gibt verschiedene M\u00f6glichkeiten, Ihre WLAN-Geschwindigkeit zu verbessern. Zu den effektivsten Tipps geh\u00f6ren:\\n\\nPlatzieren Sie Ihren Router zentral.\\nVermeiden Sie die N\u00e4he zu Metallgegenst\u00e4nden oder Elektroger\u00e4ten.\\nVerwenden Sie einen WLAN-Verst\u00e4rker\\nAktualisieren Sie die Firmware Ihres Routers.\"\n            }\n        }\n    ]\n}<\/script>\n\n\n\n\n<div class=\"container \"><div class=\"row justify-content-center\"><div class=\"col col-12 col-lg-10\">\n\n<\/div><\/div><\/div><div class=\"container core\/spacer\"><div class=\"row justify-content-center\"><div class=\"col col-12 col-lg-10\">\n<div style=\"height:50px\" aria-hidden=\"true\" class=\"wp-block-spacer\"><\/div>\n<\/div><\/div><\/div>","protected":false},"excerpt":{"rendered":"","protected":false},"author":2,"featured_media":0,"parent":0,"menu_order":0,"comment_status":"closed","ping_status":"closed","template":"","meta":{"inline_featured_image":false},"acf":[],"yoast_head":"<!-- This site is optimized with the Yoast SEO Premium plugin v20.6 (Yoast SEO v20.11) - https:\/\/yoast.com\/wordpress\/plugins\/seo\/ -->\n<title>Internet-Geschwindigkeitstest - WiFi-Geschwindigkeit pr\u00fcfen | TestMySpeed.com<\/title>\n<meta name=\"description\" content=\"Verwenden Sie TestMySpeed, um einen Internet-Geschwindigkeitstest durchzuf\u00fchren. Testen Sie Ihre Download-, Upload- und Ping-Geschwindigkeiten und erhalten Sie Echtzeit-Statistiken \u00fcber Ihre Internetleistung.\" \/>\n<meta name=\"robots\" content=\"index, follow, max-snippet:-1, max-image-preview:large, max-video-preview:-1\" \/>\n<link rel=\"canonical\" href=\"https:\/\/www.testmyspeed.com\/de\" \/>\n<meta property=\"og:locale\" content=\"de_DE\" \/>\n<meta property=\"og:type\" content=\"article\" \/>\n<meta property=\"og:title\" content=\"Internet-Geschwindigkeitstest\" \/>\n<meta property=\"og:description\" content=\"Verwenden Sie TestMySpeed, um einen Internet-Geschwindigkeitstest durchzuf\u00fchren. Testen Sie Ihre Download-, Upload- und Ping-Geschwindigkeiten und erhalten Sie Echtzeit-Statistiken \u00fcber Ihre Internetleistung.\" \/>\n<meta property=\"og:url\" content=\"https:\/\/www.testmyspeed.com\/de\" \/>\n<meta property=\"og:site_name\" content=\"Internet Speed Test | TestMySpeed.com\" \/>\n<meta property=\"article:modified_time\" content=\"2026-03-11T07:43:21+00:00\" \/>\n<meta name=\"twitter:card\" content=\"summary_large_image\" \/>\n<script type=\"application\/ld+json\" class=\"yoast-schema-graph\">{\"@context\":\"https:\/\/schema.org\",\"@graph\":[{\"@type\":\"WebPage\",\"@id\":\"https:\/\/www.testmyspeed.com\/de\",\"url\":\"https:\/\/www.testmyspeed.com\/de\",\"name\":\"Internet-Geschwindigkeitstest - WiFi-Geschwindigkeit pr\u00fcfen | TestMySpeed.com\",\"isPartOf\":{\"@id\":\"https:\/\/www.testmyspeed.com\/de#website\"},\"datePublished\":\"2024-06-18T18:00:00+00:00\",\"dateModified\":\"2026-03-11T07:43:21+00:00\",\"description\":\"Verwenden Sie TestMySpeed, um einen Internet-Geschwindigkeitstest durchzuf\u00fchren. Testen Sie Ihre Download-, Upload- und Ping-Geschwindigkeiten und erhalten Sie Echtzeit-Statistiken \u00fcber Ihre Internetleistung.\",\"breadcrumb\":{\"@id\":\"https:\/\/www.testmyspeed.com\/de#breadcrumb\"},\"inLanguage\":\"de-DE\",\"potentialAction\":[{\"@type\":\"ReadAction\",\"target\":[\"https:\/\/www.testmyspeed.com\/de\"]}]},{\"@type\":\"BreadcrumbList\",\"@id\":\"https:\/\/www.testmyspeed.com\/de#breadcrumb\",\"itemListElement\":[{\"@type\":\"ListItem\",\"position\":1,\"name\":\"home\",\"item\":\"https:\/\/www.testmyspeed.com\/de\"},{\"@type\":\"ListItem\",\"position\":2,\"name\":\"Internet-Geschwindigkeitstest\"}]},{\"@type\":\"WebSite\",\"@id\":\"https:\/\/www.testmyspeed.com\/de#website\",\"url\":\"https:\/\/www.testmyspeed.com\/de\",\"name\":\"Internet Speed Test | TestMySpeed.com\",\"description\":\"Testing Internet Speed Since 2000\",\"publisher\":{\"@id\":\"https:\/\/www.testmyspeed.com\/de#organization\"},\"potentialAction\":[{\"@type\":\"SearchAction\",\"target\":{\"@type\":\"EntryPoint\",\"urlTemplate\":\"https:\/\/www.testmyspeed.com\/de?s={search_term_string}\"},\"query-input\":\"required name=search_term_string\"}],\"inLanguage\":\"de-DE\"},{\"@type\":\"Organization\",\"@id\":\"https:\/\/www.testmyspeed.com\/de#organization\",\"name\":\"Internet Speed Test | TestMySpeed.com\",\"url\":\"https:\/\/www.testmyspeed.com\/de\",\"logo\":{\"@type\":\"ImageObject\",\"inLanguage\":\"de-DE\",\"@id\":\"https:\/\/www.testmyspeed.com\/de#\/schema\/logo\/image\/\",\"url\":\"https:\/\/www.testmyspeed.com\/wp-content\/uploads\/2022\/03\/test-my-speed-icon.svg\",\"contentUrl\":\"https:\/\/www.testmyspeed.com\/wp-content\/uploads\/2022\/03\/test-my-speed-icon.svg\",\"width\":36,\"height\":36,\"caption\":\"Internet Speed Test | TestMySpeed.com\"},\"image\":{\"@id\":\"https:\/\/www.testmyspeed.com\/de#\/schema\/logo\/image\/\"}}]}<\/script>\n<!-- \/ Yoast SEO Premium plugin. -->","yoast_head_json":{"title":"Internet-Geschwindigkeitstest - WiFi-Geschwindigkeit pr\u00fcfen | TestMySpeed.com","description":"Verwenden Sie TestMySpeed, um einen Internet-Geschwindigkeitstest durchzuf\u00fchren. Testen Sie Ihre Download-, Upload- und Ping-Geschwindigkeiten und erhalten Sie Echtzeit-Statistiken \u00fcber Ihre Internetleistung.","robots":{"index":"index","follow":"follow","max-snippet":"max-snippet:-1","max-image-preview":"max-image-preview:large","max-video-preview":"max-video-preview:-1"},"canonical":"https:\/\/www.testmyspeed.com\/de","og_locale":"de_DE","og_type":"article","og_title":"Internet-Geschwindigkeitstest","og_description":"Verwenden Sie TestMySpeed, um einen Internet-Geschwindigkeitstest durchzuf\u00fchren. Testen Sie Ihre Download-, Upload- und Ping-Geschwindigkeiten und erhalten Sie Echtzeit-Statistiken \u00fcber Ihre Internetleistung.","og_url":"https:\/\/www.testmyspeed.com\/de","og_site_name":"Internet Speed Test | TestMySpeed.com","article_modified_time":"2026-03-11T07:43:21+00:00","twitter_card":"summary_large_image","schema":{"@context":"https:\/\/schema.org","@graph":[{"@type":"WebPage","@id":"https:\/\/www.testmyspeed.com\/de","url":"https:\/\/www.testmyspeed.com\/de","name":"Internet-Geschwindigkeitstest - WiFi-Geschwindigkeit pr\u00fcfen | TestMySpeed.com","isPartOf":{"@id":"https:\/\/www.testmyspeed.com\/de#website"},"datePublished":"2024-06-18T18:00:00+00:00","dateModified":"2026-03-11T07:43:21+00:00","description":"Verwenden Sie TestMySpeed, um einen Internet-Geschwindigkeitstest durchzuf\u00fchren. Testen Sie Ihre Download-, Upload- und Ping-Geschwindigkeiten und erhalten Sie Echtzeit-Statistiken \u00fcber Ihre Internetleistung.","breadcrumb":{"@id":"https:\/\/www.testmyspeed.com\/de#breadcrumb"},"inLanguage":"de-DE","potentialAction":[{"@type":"ReadAction","target":["https:\/\/www.testmyspeed.com\/de"]}]},{"@type":"BreadcrumbList","@id":"https:\/\/www.testmyspeed.com\/de#breadcrumb","itemListElement":[{"@type":"ListItem","position":1,"name":"home","item":"https:\/\/www.testmyspeed.com\/de"},{"@type":"ListItem","position":2,"name":"Internet-Geschwindigkeitstest"}]},{"@type":"WebSite","@id":"https:\/\/www.testmyspeed.com\/de#website","url":"https:\/\/www.testmyspeed.com\/de","name":"Internet Speed Test | TestMySpeed.com","description":"Testing Internet Speed Since 2000","publisher":{"@id":"https:\/\/www.testmyspeed.com\/de#organization"},"potentialAction":[{"@type":"SearchAction","target":{"@type":"EntryPoint","urlTemplate":"https:\/\/www.testmyspeed.com\/de?s={search_term_string}"},"query-input":"required name=search_term_string"}],"inLanguage":"de-DE"},{"@type":"Organization","@id":"https:\/\/www.testmyspeed.com\/de#organization","name":"Internet Speed Test | TestMySpeed.com","url":"https:\/\/www.testmyspeed.com\/de","logo":{"@type":"ImageObject","inLanguage":"de-DE","@id":"https:\/\/www.testmyspeed.com\/de#\/schema\/logo\/image\/","url":"https:\/\/www.testmyspeed.com\/wp-content\/uploads\/2022\/03\/test-my-speed-icon.svg","contentUrl":"https:\/\/www.testmyspeed.com\/wp-content\/uploads\/2022\/03\/test-my-speed-icon.svg","width":36,"height":36,"caption":"Internet Speed Test | TestMySpeed.com"},"image":{"@id":"https:\/\/www.testmyspeed.com\/de#\/schema\/logo\/image\/"}}]}},"_links":{"self":[{"href":"https:\/\/www.testmyspeed.com\/de\/wp-json\/wp\/v2\/pages\/500"}],"collection":[{"href":"https:\/\/www.testmyspeed.com\/de\/wp-json\/wp\/v2\/pages"}],"about":[{"href":"https:\/\/www.testmyspeed.com\/de\/wp-json\/wp\/v2\/types\/page"}],"author":[{"embeddable":true,"href":"https:\/\/www.testmyspeed.com\/de\/wp-json\/wp\/v2\/users\/2"}],"replies":[{"embeddable":true,"href":"https:\/\/www.testmyspeed.com\/de\/wp-json\/wp\/v2\/comments?post=500"}],"version-history":[{"count":0,"href":"https:\/\/www.testmyspeed.com\/de\/wp-json\/wp\/v2\/pages\/500\/revisions"}],"wp:attachment":[{"href":"https:\/\/www.testmyspeed.com\/de\/wp-json\/wp\/v2\/media?parent=500"}],"curies":[{"name":"wp","href":"https:\/\/api.w.org\/{rel}","templated":true}]}}