{"id":391,"date":"2024-06-18T13:00:00","date_gmt":"2024-06-18T18:00:00","guid":{"rendered":"https:\/\/www.testmyspeed.com\/prueba-de-velocidad-de-internet"},"modified":"2026-03-11T04:15:35","modified_gmt":"2026-03-11T09:15:35","slug":"prueba-de-velocidad-de-internet","status":"publish","type":"page","link":"https:\/\/www.testmyspeed.com\/es","title":{"rendered":"Prueba de velocidad de Internet"},"content":{"rendered":"\n<section class=\"section-fw-html py-50\" style=\"background: #E8F9F9;\">\n    <div class=\"container \">\n          \n        \n        <div class=\"iframe-container \">\n            <!-- <iframe loading=\"lazy\" width=\"100%\" height=\"650px\" frameborder=\"0\" style=\"border-radius: 20px;\" src=\"https:\/\/tms-tool.speedtestcustom.com\"><\/iframe> -->\r\n<section id=\"tms-root\"><\/section>        <\/div>\n            \n    <\/div>\n<\/section><div class=\"container \"><div class=\"row justify-content-center\"><div class=\"col col-12 col-lg-10\">\n\n<\/div><\/div><\/div><div class=\"container core\/spacer\"><div class=\"row justify-content-center\"><div class=\"col col-12 col-lg-10\">\n<div style=\"height:64px\" aria-hidden=\"true\" class=\"wp-block-spacer\"><\/div>\n<\/div><\/div><\/div><div class=\"container \"><div class=\"row justify-content-center\"><div class=\"col col-12 col-lg-10\">\n\n<\/div><\/div><\/div><section class=\"container\">\n    <div class=\"hmsdin-container p-4 p-md-5 border-radius-10\">\n        <div class=\"row mb-4\">\n            <div class=\"col d-lg-flex justify-content-between align-items-start\">\n                <div>\n                                            <h2 class=\"mb-2 mb-md-0\">\u00bfCu\u00e1nta velocidad de Internet necesitas realmente?<\/h2>\n                                                        <\/div>\n                            <\/div>\n        <\/div>\n        \n                <div class=\"row\">           \n        \n                            <div class=\"col-12 col-md-6 col-lg-3 px-4\"> \n                    <h4 class=\"mb-3\">50 Mbps<\/h4>\n                    <p>Navegaci\u00f3n b\u00e1sica y correo electr\u00f3nico. Ideal para: 1\u20132 dispositivos<\/p>\n                <\/div>  \n                 \n           \n                            <div class=\"col-12 col-md-6 col-lg-3 px-4\"> \n                    <h4 class=\"mb-3\">50\u2013100 Mbps<\/h4>\n                    <p>Streaming est\u00e1ndar y videollamadas. Ideal para: 3\u20134 dispositivos<\/p>\n                <\/div>  \n                 \n           \n                            <div class=\"col-12 col-md-6 col-lg-3 px-4\"> \n                    <h4 class=\"mb-3\">100\u2013400 Mbps<\/h4>\n                    <p>Streaming en HD y juegos en l\u00ednea con poco retraso. Ideal para: 5\u20138 dispositivos<\/p>\n                <\/div>  \n                 \n           \n                            <div class=\"col-12 col-md-6 col-lg-3 px-4\"> \n                    <h4 class=\"mb-3\">500+ Mbps<\/h4>\n                    <p>Streaming 4K intensivo, juegos, trabajo remoto y hogares grandes. Ideal para: 10\u201312 dispositivos<\/p>\n                <\/div>  \n                 \n           \n                        \n           <\/div>\n        \n                     \n          \n        \n    <\/div>    \n<\/section>\n\n\n<div class=\"container \"><div class=\"row justify-content-center\"><div class=\"col col-12 col-lg-10\">\n\n<\/div><\/div><\/div><div class=\"container core\/spacer\"><div class=\"row justify-content-center\"><div class=\"col col-12 col-lg-10\">\n<div style=\"height:64px\" aria-hidden=\"true\" class=\"wp-block-spacer\"><\/div>\n<\/div><\/div><\/div><div class=\"container \"><div class=\"row justify-content-center\"><div class=\"col col-12 col-lg-10\">\n\n<\/div><\/div><\/div>\n\n    <section class=\"section-insights-tiles py-50\">\n        <div class=\"container\">\n            <div class=\"row justify-content-center\">\n                <div class=\"col-12 col-lg-10\">\n                    <div class=\"tile-copy\">\n                        <h2>Gu\u00edas de velocidad de Internet<\/h2>\n                                            <\/div>\n                    \n\n                    <div class=\"row\">\n                                            <div class=\"col col-12 col-md-12 col-lg-4\">\n                            <a href=\"https:\/\/www.testmyspeed.com\/insights\/internet-slow-reasons-why\" class=\"insight-tile-cont h-100\">\n                            <div class=\"tile-header\">\n                                <div class=\"img-cont\">\n                                    <img decoding=\"async\" src=\"https:\/\/www.testmyspeed.com\/wp-content\/uploads\/2022\/03\/fix_slow_internet_speed_featured_graphic.png\" alt=\"15 Reasons for Slow Internet\">\n                                <\/div>\n                            <\/div>\n                            <div class=\"tile-body\">\n                                <h3>15 Reasons for Slow Internet<\/h3>\n                                <span class=\"text-grey mb-4 d-block\">By: Keith Carlson<\/span>                                <span class=\"btn btn-primary btn-sm\"><span> Leer m\u00e1s<\/span><\/span>\n                            <\/div>\n                            <\/a>\n                        <\/div>\n                                            <div class=\"col col-12 col-md-12 col-lg-4\">\n                            <a href=\"https:\/\/www.testmyspeed.com\/insights\/download-vs-upload-speeds\" class=\"insight-tile-cont h-100\">\n                            <div class=\"tile-header\">\n                                <div class=\"img-cont\">\n                                    <img decoding=\"async\" src=\"https:\/\/www.testmyspeed.com\/wp-content\/uploads\/2022\/03\/download_upload_speeds_featured_graphic.png\" alt=\"Download vs. Upload Speeds: A Complete Guide to Internet Performance\">\n                                <\/div>\n                            <\/div>\n                            <div class=\"tile-body\">\n                                <h3>Download vs. Upload Speeds: A Complete Guide to Internet Performance<\/h3>\n                                <span class=\"text-grey mb-4 d-block\">By: Keith Carlson<\/span>                                <span class=\"btn btn-primary btn-sm\"><span> Leer m\u00e1s<\/span><\/span>\n                            <\/div>\n                            <\/a>\n                        <\/div>\n                                            <div class=\"col col-12 col-md-12 col-lg-4\">\n                            <a href=\"https:\/\/www.testmyspeed.com\/insights\/internet-speed-test-results-explained\" class=\"insight-tile-cont h-100\">\n                            <div class=\"tile-header\">\n                                <div class=\"img-cont\">\n                                    <img decoding=\"async\" src=\"https:\/\/www.testmyspeed.com\/wp-content\/uploads\/2023\/08\/internet_speed_test_results_explained.png\" alt=\"Internet Speed Test Results Explained\">\n                                <\/div>\n                            <\/div>\n                            <div class=\"tile-body\">\n                                <h3>Internet Speed Test Results Explained<\/h3>\n                                <span class=\"text-grey mb-4 d-block\">By: Keith Carlson<\/span>                                <span class=\"btn btn-primary btn-sm\"><span> Leer m\u00e1s<\/span><\/span>\n                            <\/div>\n                            <\/a>\n                        <\/div>\n                                        <\/div>\n                <\/div>\n                \n            <\/div>\n        <\/div>\n    <\/section>\n\n<div class=\"container \"><div class=\"row justify-content-center\"><div class=\"col col-12 col-lg-10\">\n\n<\/div><\/div><\/div><div class=\"container core\/spacer\"><div class=\"row justify-content-center\"><div class=\"col col-12 col-lg-10\">\n<div style=\"height:64px\" aria-hidden=\"true\" class=\"wp-block-spacer\"><\/div>\n<\/div><\/div><\/div><div class=\"container \"><div class=\"row justify-content-center\"><div class=\"col col-12 col-lg-10\">\n\n<\/div><\/div><\/div>\n<section class=\"section-faq mb-50 mt-0 mt-md-50\">\n    <div class=\"container\">\n        <div class=\"row justify-content-center row-faq\">\n            <div class=\"col col-12 col-lg-10 col-faq-wrap\">\n                <h2>Preguntas frecuentes sobre la prueba de velocidad<\/h2><div class=\"faq-card\"><h3 class=\"question\">\u00bfQu\u00e9 es una prueba de velocidad de internet?<\/h3><div class=\"answer\"><p><span style=\"font-weight: 400;\">La mayor\u00eda de los <\/span><a href=\"https:\/\/www.highspeedoptions.com\/internet\"><span style=\"font-weight: 400;\">proveedores de internet<\/span><\/a><span style=\"font-weight: 400;\"> anuncian velocidades m\u00e1ximas, por lo que es com\u00fan notar diferencias entre la velocidad real y la contratada. Una prueba de velocidad es una forma confiable de medir la velocidad y calidad de tu conexi\u00f3n actual. <\/span><\/p>\n<\/div><\/div><div class=\"faq-card\"><h3 class=\"question\">\u00bfC\u00f3mo pruebo la velocidad de mi internet?<\/h3><div class=\"answer\"><p><span style=\"font-weight: 400;\">Usa TestMySpeed para realizar una prueba en menos de un minuto. Solo haz clic en iniciar y nuestra herramienta ejecutar\u00e1 diagn\u00f3sticos en segundo plano y mostrar\u00e1 <\/span><a href=\"\/insights\/internet-speed-test-results-explained\"><span style=\"font-weight: 400;\">los resultados de tu prueba<\/span><\/a><span style=\"font-weight: 400;\">. <\/span><\/p>\n<\/div><\/div><div class=\"faq-card\"><h3 class=\"question\">\u00bfQu\u00e9 mide una prueba de velocidad?<\/h3><div class=\"answer\"><p>Una prueba mide:<\/p>\n<ul>\n<li><a href=\"\/insights\/download-vs-upload-speeds\">Velocidades de descarga y subida<\/a>: Indican qu\u00e9 tan r\u00e1pido puedes descargar y subir archivos.<\/li>\n<li>Tiempo de ping: El tiempo que tarda una se\u00f1al en ir y volver del servidor.<\/li>\n<\/ul>\n<p><span style=\"font-weight: 400;\">Estos resultados ayudan a evaluar el rendimiento de tu <\/span><span style=\"font-weight: 400;\">conexi\u00f3n a internet<\/span><span style=\"font-weight: 400;\"> y confirmar si recibes la velocidad por la que pagas.<\/span><\/p>\n<\/div><\/div><div class=\"faq-card\"><h3 class=\"question\">\u00bfC\u00f3mo evito la limitaci\u00f3n de velocidad del ISP?<\/h3><div class=\"answer\"><p><a href=\"https:\/\/www.highspeedoptions.com\/resources\/insights\/how-to-tell-internet-throttled-ways-to-avoid-it\" target=\"_blank\" rel=\"noopener\"><span style=\"font-weight: 400;\">La limitaci\u00f3n del ISP<\/span><\/a><span style=\"font-weight: 400;\"> ocurre cuando tu proveedor reduce intencionalmente tu conexi\u00f3n. Puede deberse a <\/span><a href=\"https:\/\/www.highspeedoptions.com\/resources\/insights\/slow-internet-at-night\"><span style=\"font-weight: 400;\">congesti\u00f3n de red<\/span><\/a><span style=\"font-weight: 400;\"> o restricciones de tr\u00e1fico. Una prueba r\u00e1pida de Wi-Fi puede confirmarlo.<\/span><\/p>\n<\/div><\/div><div class=\"faq-card\"><h3 class=\"question\">\u00bfPor qu\u00e9 mi internet es tan lento?<\/h3><div class=\"answer\"><p><span style=\"font-weight: 400;\">Varios factores pueden causar <\/span><a href=\"\/insights\/internet-slow-reasons-why\"><span style=\"font-weight: 400;\">internet lento<\/span><\/a><span style=\"font-weight: 400;\">, como congesti\u00f3n o distancia del router. Ejecutar una prueba de ancho de banda puede ayudarte a medir la diferencia. Si no puedes solucionarlo, contacta a tu proveedor.<\/span><\/p>\n<\/div><\/div><div class=\"faq-card\"><h3 class=\"question\">\u00bfC\u00f3mo puedo mejorar la velocidad de mi Wi-Fi?<\/h3><div class=\"answer\"><p class=\"p1\"><span style=\"font-weight: 400;\">Hay varias maneras de <\/span><a href=\"https:\/\/www.highspeedoptions.com\/resources\/insights\/how-to-boost-wifi-signal\"><span style=\"font-weight: 400;\">mejorar tu Wi-Fi<\/span><\/a><span style=\"font-weight: 400;\">. Consejos efectivos:<\/span><\/p>\n<ul>\n<li style=\"text-align: left;\">Coloca el router en un lugar central.<\/li>\n<li style=\"text-align: left;\">Evita objetos met\u00e1licos cerca.<\/li>\n<li style=\"text-align: left;\">Usa un <a href=\"https:\/\/www.highspeedoptions.com\/resources\/insights\/wifi-extenders-vs-mesh-wifi\">extensor Wi-Fi<\/a><\/li>\n<li style=\"text-align: left;\">Actualiza el firmware del router.<\/li>\n<\/ul>\n<\/div><\/div>            <\/div>\n        <\/div>\n    <\/div>\n<\/section>\n\n<script type=\"application\/ld+json\">\n{\n    \"@context\": \"https:\/\/schema.org\",\n    \"@type\": \"FAQPage\",\n    \"mainEntity\": [\n        {\n            \"@type\": \"Question\",\n            \"name\": \"\u00bfQu\u00e9 es una prueba de velocidad de internet?\",\n            \"acceptedAnswer\": {\n                \"@type\": \"Answer\",\n                \"text\": \"La mayor\u00eda de los proveedores de internet anuncian velocidades m\u00e1ximas, por lo que es com\u00fan notar diferencias entre la velocidad real y la contratada. Una prueba de velocidad es una forma confiable de medir la velocidad y calidad de tu conexi\u00f3n actual.\"\n            }\n        },\n        {\n            \"@type\": \"Question\",\n            \"name\": \"\u00bfC\u00f3mo pruebo la velocidad de mi internet?\",\n            \"acceptedAnswer\": {\n                \"@type\": \"Answer\",\n                \"text\": \"Usa TestMySpeed para realizar una prueba en menos de un minuto. Solo haz clic en iniciar y nuestra herramienta ejecutar\u00e1 diagn\u00f3sticos en segundo plano y mostrar\u00e1 los resultados de tu prueba.\"\n            }\n        },\n        {\n            \"@type\": \"Question\",\n            \"name\": \"\u00bfQu\u00e9 mide una prueba de velocidad?\",\n            \"acceptedAnswer\": {\n                \"@type\": \"Answer\",\n                \"text\": \"Una prueba mide:\\n\\nVelocidades de descarga y subida: Indican qu\u00e9 tan r\u00e1pido puedes descargar y subir archivos.\\nTiempo de ping: El tiempo que tarda una se\u00f1al en ir y volver del servidor.\\n\\nEstos resultados ayudan a evaluar el rendimiento de tu conexi\u00f3n a internet y confirmar si recibes la velocidad por la que pagas.\"\n            }\n        },\n        {\n            \"@type\": \"Question\",\n            \"name\": \"\u00bfC\u00f3mo evito la limitaci\u00f3n de velocidad del ISP?\",\n            \"acceptedAnswer\": {\n                \"@type\": \"Answer\",\n                \"text\": \"La limitaci\u00f3n del ISP ocurre cuando tu proveedor reduce intencionalmente tu conexi\u00f3n. Puede deberse a congesti\u00f3n de red o restricciones de tr\u00e1fico. Una prueba r\u00e1pida de Wi-Fi puede confirmarlo.\"\n            }\n        },\n        {\n            \"@type\": \"Question\",\n            \"name\": \"\u00bfPor qu\u00e9 mi internet es tan lento?\",\n            \"acceptedAnswer\": {\n                \"@type\": \"Answer\",\n                \"text\": \"Varios factores pueden causar internet lento, como congesti\u00f3n o distancia del router. Ejecutar una prueba de ancho de banda puede ayudarte a medir la diferencia. Si no puedes solucionarlo, contacta a tu proveedor.\"\n            }\n        },\n        {\n            \"@type\": \"Question\",\n            \"name\": \"\u00bfC\u00f3mo puedo mejorar la velocidad de mi Wi-Fi?\",\n            \"acceptedAnswer\": {\n                \"@type\": \"Answer\",\n                \"text\": \"Hay varias maneras de mejorar tu Wi-Fi. Consejos efectivos:\\n\\nColoca el router en un lugar central.\\nEvita objetos met\u00e1licos cerca.\\nUsa un extensor Wi-Fi\\nActualiza el firmware del router.\"\n            }\n        }\n    ]\n}<\/script>\n\n\n\n\n<div class=\"container \"><div class=\"row justify-content-center\"><div class=\"col col-12 col-lg-10\">\n\n<\/div><\/div><\/div><div class=\"container core\/spacer\"><div class=\"row justify-content-center\"><div class=\"col col-12 col-lg-10\">\n<div style=\"height:50px\" aria-hidden=\"true\" class=\"wp-block-spacer\"><\/div>\n<\/div><\/div><\/div>","protected":false},"excerpt":{"rendered":"","protected":false},"author":2,"featured_media":0,"parent":0,"menu_order":0,"comment_status":"closed","ping_status":"closed","template":"","meta":{"inline_featured_image":false},"acf":[],"yoast_head":"<!-- This site is optimized with the Yoast SEO Premium plugin v20.6 (Yoast SEO v20.11) - https:\/\/yoast.com\/wordpress\/plugins\/seo\/ -->\n<title>Prueba de velocidad de Internet - Compruebe la velocidad WiFi | TestMySpeed.com<\/title>\n<meta name=\"description\" content=\"Utiliza TestMySpeed para realizar una prueba de velocidad de Internet. Obt\u00e9n estad\u00edsticas en tiempo real sobre tu rendimiento en Internet probando tus velocidades de descarga, carga y ping.\" \/>\n<meta name=\"robots\" content=\"index, follow, max-snippet:-1, max-image-preview:large, max-video-preview:-1\" \/>\n<link rel=\"canonical\" href=\"https:\/\/www.testmyspeed.com\/es\" \/>\n<meta property=\"og:locale\" content=\"es_ES\" \/>\n<meta property=\"og:type\" content=\"article\" \/>\n<meta property=\"og:title\" content=\"Prueba de velocidad de Internet\" \/>\n<meta property=\"og:description\" content=\"Utiliza TestMySpeed para realizar una prueba de velocidad de Internet. Obt\u00e9n estad\u00edsticas en tiempo real sobre tu rendimiento en Internet probando tus velocidades de descarga, carga y ping.\" \/>\n<meta property=\"og:url\" content=\"https:\/\/www.testmyspeed.com\/es\" \/>\n<meta property=\"og:site_name\" content=\"Internet Speed Test | TestMySpeed.com\" \/>\n<meta property=\"article:modified_time\" content=\"2026-03-11T09:15:35+00:00\" \/>\n<meta name=\"twitter:card\" content=\"summary_large_image\" \/>\n<script type=\"application\/ld+json\" class=\"yoast-schema-graph\">{\"@context\":\"https:\/\/schema.org\",\"@graph\":[{\"@type\":\"WebPage\",\"@id\":\"https:\/\/www.testmyspeed.com\/es\",\"url\":\"https:\/\/www.testmyspeed.com\/es\",\"name\":\"Prueba de velocidad de Internet - Compruebe la velocidad WiFi | TestMySpeed.com\",\"isPartOf\":{\"@id\":\"https:\/\/www.testmyspeed.com\/es#website\"},\"datePublished\":\"2024-06-18T18:00:00+00:00\",\"dateModified\":\"2026-03-11T09:15:35+00:00\",\"description\":\"Utiliza TestMySpeed para realizar una prueba de velocidad de Internet. Obt\u00e9n estad\u00edsticas en tiempo real sobre tu rendimiento en Internet probando tus velocidades de descarga, carga y ping.\",\"breadcrumb\":{\"@id\":\"https:\/\/www.testmyspeed.com\/es#breadcrumb\"},\"inLanguage\":\"es\",\"potentialAction\":[{\"@type\":\"ReadAction\",\"target\":[\"https:\/\/www.testmyspeed.com\/es\"]}]},{\"@type\":\"BreadcrumbList\",\"@id\":\"https:\/\/www.testmyspeed.com\/es#breadcrumb\",\"itemListElement\":[{\"@type\":\"ListItem\",\"position\":1,\"name\":\"home\",\"item\":\"https:\/\/www.testmyspeed.com\/es\"},{\"@type\":\"ListItem\",\"position\":2,\"name\":\"Prueba de velocidad de Internet\"}]},{\"@type\":\"WebSite\",\"@id\":\"https:\/\/www.testmyspeed.com\/es#website\",\"url\":\"https:\/\/www.testmyspeed.com\/es\",\"name\":\"Internet Speed Test | TestMySpeed.com\",\"description\":\"Testing Internet Speed Since 2000\",\"publisher\":{\"@id\":\"https:\/\/www.testmyspeed.com\/es#organization\"},\"potentialAction\":[{\"@type\":\"SearchAction\",\"target\":{\"@type\":\"EntryPoint\",\"urlTemplate\":\"https:\/\/www.testmyspeed.com\/es?s={search_term_string}\"},\"query-input\":\"required name=search_term_string\"}],\"inLanguage\":\"es\"},{\"@type\":\"Organization\",\"@id\":\"https:\/\/www.testmyspeed.com\/es#organization\",\"name\":\"Internet Speed Test | TestMySpeed.com\",\"url\":\"https:\/\/www.testmyspeed.com\/es\",\"logo\":{\"@type\":\"ImageObject\",\"inLanguage\":\"es\",\"@id\":\"https:\/\/www.testmyspeed.com\/es#\/schema\/logo\/image\/\",\"url\":\"https:\/\/www.testmyspeed.com\/wp-content\/uploads\/2022\/03\/test-my-speed-icon.svg\",\"contentUrl\":\"https:\/\/www.testmyspeed.com\/wp-content\/uploads\/2022\/03\/test-my-speed-icon.svg\",\"width\":36,\"height\":36,\"caption\":\"Internet Speed Test | TestMySpeed.com\"},\"image\":{\"@id\":\"https:\/\/www.testmyspeed.com\/es#\/schema\/logo\/image\/\"}}]}<\/script>\n<!-- \/ Yoast SEO Premium plugin. -->","yoast_head_json":{"title":"Prueba de velocidad de Internet - Compruebe la velocidad WiFi | TestMySpeed.com","description":"Utiliza TestMySpeed para realizar una prueba de velocidad de Internet. Obt\u00e9n estad\u00edsticas en tiempo real sobre tu rendimiento en Internet probando tus velocidades de descarga, carga y ping.","robots":{"index":"index","follow":"follow","max-snippet":"max-snippet:-1","max-image-preview":"max-image-preview:large","max-video-preview":"max-video-preview:-1"},"canonical":"https:\/\/www.testmyspeed.com\/es","og_locale":"es_ES","og_type":"article","og_title":"Prueba de velocidad de Internet","og_description":"Utiliza TestMySpeed para realizar una prueba de velocidad de Internet. Obt\u00e9n estad\u00edsticas en tiempo real sobre tu rendimiento en Internet probando tus velocidades de descarga, carga y ping.","og_url":"https:\/\/www.testmyspeed.com\/es","og_site_name":"Internet Speed Test | TestMySpeed.com","article_modified_time":"2026-03-11T09:15:35+00:00","twitter_card":"summary_large_image","schema":{"@context":"https:\/\/schema.org","@graph":[{"@type":"WebPage","@id":"https:\/\/www.testmyspeed.com\/es","url":"https:\/\/www.testmyspeed.com\/es","name":"Prueba de velocidad de Internet - Compruebe la velocidad WiFi | TestMySpeed.com","isPartOf":{"@id":"https:\/\/www.testmyspeed.com\/es#website"},"datePublished":"2024-06-18T18:00:00+00:00","dateModified":"2026-03-11T09:15:35+00:00","description":"Utiliza TestMySpeed para realizar una prueba de velocidad de Internet. Obt\u00e9n estad\u00edsticas en tiempo real sobre tu rendimiento en Internet probando tus velocidades de descarga, carga y ping.","breadcrumb":{"@id":"https:\/\/www.testmyspeed.com\/es#breadcrumb"},"inLanguage":"es","potentialAction":[{"@type":"ReadAction","target":["https:\/\/www.testmyspeed.com\/es"]}]},{"@type":"BreadcrumbList","@id":"https:\/\/www.testmyspeed.com\/es#breadcrumb","itemListElement":[{"@type":"ListItem","position":1,"name":"home","item":"https:\/\/www.testmyspeed.com\/es"},{"@type":"ListItem","position":2,"name":"Prueba de velocidad de Internet"}]},{"@type":"WebSite","@id":"https:\/\/www.testmyspeed.com\/es#website","url":"https:\/\/www.testmyspeed.com\/es","name":"Internet Speed Test | TestMySpeed.com","description":"Testing Internet Speed Since 2000","publisher":{"@id":"https:\/\/www.testmyspeed.com\/es#organization"},"potentialAction":[{"@type":"SearchAction","target":{"@type":"EntryPoint","urlTemplate":"https:\/\/www.testmyspeed.com\/es?s={search_term_string}"},"query-input":"required name=search_term_string"}],"inLanguage":"es"},{"@type":"Organization","@id":"https:\/\/www.testmyspeed.com\/es#organization","name":"Internet Speed Test | TestMySpeed.com","url":"https:\/\/www.testmyspeed.com\/es","logo":{"@type":"ImageObject","inLanguage":"es","@id":"https:\/\/www.testmyspeed.com\/es#\/schema\/logo\/image\/","url":"https:\/\/www.testmyspeed.com\/wp-content\/uploads\/2022\/03\/test-my-speed-icon.svg","contentUrl":"https:\/\/www.testmyspeed.com\/wp-content\/uploads\/2022\/03\/test-my-speed-icon.svg","width":36,"height":36,"caption":"Internet Speed Test | TestMySpeed.com"},"image":{"@id":"https:\/\/www.testmyspeed.com\/es#\/schema\/logo\/image\/"}}]}},"_links":{"self":[{"href":"https:\/\/www.testmyspeed.com\/es\/wp-json\/wp\/v2\/pages\/391"}],"collection":[{"href":"https:\/\/www.testmyspeed.com\/es\/wp-json\/wp\/v2\/pages"}],"about":[{"href":"https:\/\/www.testmyspeed.com\/es\/wp-json\/wp\/v2\/types\/page"}],"author":[{"embeddable":true,"href":"https:\/\/www.testmyspeed.com\/es\/wp-json\/wp\/v2\/users\/2"}],"replies":[{"embeddable":true,"href":"https:\/\/www.testmyspeed.com\/es\/wp-json\/wp\/v2\/comments?post=391"}],"version-history":[{"count":0,"href":"https:\/\/www.testmyspeed.com\/es\/wp-json\/wp\/v2\/pages\/391\/revisions"}],"wp:attachment":[{"href":"https:\/\/www.testmyspeed.com\/es\/wp-json\/wp\/v2\/media?parent=391"}],"curies":[{"name":"wp","href":"https:\/\/api.w.org\/{rel}","templated":true}]}}