{"id":509,"date":"2024-06-18T13:00:00","date_gmt":"2024-06-18T18:00:00","guid":{"rendered":"https:\/\/www.testmyspeed.com\/test-de-vitesse-internet"},"modified":"2026-03-11T04:09:07","modified_gmt":"2026-03-11T09:09:07","slug":"test-de-vitesse-internet","status":"publish","type":"page","link":"https:\/\/www.testmyspeed.com\/fr","title":{"rendered":"Test de vitesse Internet"},"content":{"rendered":"\n<section class=\"section-fw-html py-50\" style=\"background: #E8F9F9;\">\n    <div class=\"container \">\n          \n        \n        <div class=\"iframe-container \">\n            <!-- <iframe loading=\"lazy\" width=\"100%\" height=\"650px\" frameborder=\"0\" style=\"border-radius: 20px;\" src=\"https:\/\/tms-tool.speedtestcustom.com\"><\/iframe> -->\r\n<section id=\"tms-root\" aria-busy=\"true\"><div class=\"tms-skeleton\" aria-hidden=\"true\"><div class=\"tms-skeleton-container\"><div class=\"tms-skeleton-main\"><div class=\"tms-skeleton-left\"><div class=\"tms-skeleton-panel\"><div class=\"tms-skeleton-row\"><div class=\"tms-skeleton-icon\"><\/div><div class=\"tms-skeleton-text\"><div class=\"tms-skeleton-line tms-skeleton-line-sm\"><\/div><div class=\"tms-skeleton-line tms-skeleton-line-md\"><\/div><\/div><\/div><div class=\"tms-skeleton-row\"><div class=\"tms-skeleton-icon\"><\/div><div class=\"tms-skeleton-text\"><div class=\"tms-skeleton-line tms-skeleton-line-sm\"><\/div><div class=\"tms-skeleton-line tms-skeleton-line-md\"><\/div><\/div><\/div><div class=\"tms-skeleton-row\"><div class=\"tms-skeleton-icon\"><\/div><div class=\"tms-skeleton-text\"><div class=\"tms-skeleton-line tms-skeleton-line-sm\"><\/div><div class=\"tms-skeleton-line tms-skeleton-line-md\"><\/div><\/div><\/div><div class=\"tms-skeleton-row tms-skeleton-row-last\"><div class=\"tms-skeleton-icon\"><\/div><div class=\"tms-skeleton-text\"><div class=\"tms-skeleton-line tms-skeleton-line-sm\"><\/div><div class=\"tms-skeleton-line tms-skeleton-line-md\"><\/div><\/div><\/div><\/div><\/div><div class=\"tms-skeleton-center\"><div class=\"tms-skeleton-headline\"><div class=\"tms-skeleton-line tms-skeleton-headline-line-1\"><\/div><\/div><div class=\"tms-skeleton-go-wrap\"><div class=\"tms-skeleton-go-orbit\"><\/div><div class=\"tms-skeleton-go-button\"><\/div><\/div><\/div><div class=\"tms-skeleton-right\"><div class=\"tms-skeleton-panel tms-skeleton-panel-tall\"><\/div><\/div><\/div><div class=\"tms-skeleton-slider\"><div class=\"tms-skeleton-slider-dots\"><\/div><\/div><div class=\"tms-skeleton-features\"><div class=\"tms-skeleton-feature-card\"><\/div><div class=\"tms-skeleton-feature-card tms-skeleton-feature-card-2\"><\/div><div class=\"tms-skeleton-feature-card tms-skeleton-feature-card-3\"><\/div><\/div><div class=\"tms-skeleton-disclosure\"><\/div><\/div><\/div><\/section>        <\/div>\n            \n    <\/div>\n<\/section><div class=\"container \"><div class=\"row justify-content-center\"><div class=\"col col-12 col-lg-10\">\n\n<\/div><\/div><\/div><div class=\"container core\/spacer\"><div class=\"row justify-content-center\"><div class=\"col col-12 col-lg-10\">\n<div style=\"height:64px\" aria-hidden=\"true\" class=\"wp-block-spacer\"><\/div>\n<\/div><\/div><\/div><div class=\"container \"><div class=\"row justify-content-center\"><div class=\"col col-12 col-lg-10\">\n\n<\/div><\/div><\/div><section class=\"container\">\n    <div class=\"hmsdin-container p-4 p-md-5 border-radius-10\">\n        <div class=\"row mb-4\">\n            <div class=\"col d-lg-flex justify-content-between align-items-start\">\n                <div>\n                                            <h2 class=\"mb-2 mb-md-0\">De quelle vitesse Internet avez-vous r\u00e9ellement besoin ?<\/h2>\n                                                        <\/div>\n                            <\/div>\n        <\/div>\n        \n                <div class=\"row\">           \n        \n                            <div class=\"col-12 col-md-6 col-lg-3 px-4\"> \n                    <h4 class=\"mb-3\">50 Mb\/s<\/h4>\n                    <p>Navigation de base et e-mail. Id\u00e9al pour : 1\u20132 appareils<\/p>\n                <\/div>  \n                 \n           \n                            <div class=\"col-12 col-md-6 col-lg-3 px-4\"> \n                    <h4 class=\"mb-3\">50\u2013100 Mb\/s<\/h4>\n                    <p>Streaming standard et appels vid\u00e9o. Id\u00e9al pour : 3\u20134 appareils<\/p>\n                <\/div>  \n                 \n           \n                            <div class=\"col-12 col-md-6 col-lg-3 px-4\"> \n                    <h4 class=\"mb-3\">100\u2013400 Mb\/s<\/h4>\n                    <p>Streaming HD et jeux en ligne avec retard minimal. Id\u00e9al pour : 5\u20138 appareils<\/p>\n                <\/div>  \n                 \n           \n                            <div class=\"col-12 col-md-6 col-lg-3 px-4\"> \n                    <h4 class=\"mb-3\">500+ Mb\/s<\/h4>\n                    <p>Streaming 4K intensif, jeux, t\u00e9l\u00e9travail et grandes maisons. Id\u00e9al pour : 10\u201312 appareils<\/p>\n                <\/div>  \n                 \n           \n                        \n           <\/div>\n        \n                     \n          \n        \n    <\/div>    \n<\/section>\n\n\n<div class=\"container \"><div class=\"row justify-content-center\"><div class=\"col col-12 col-lg-10\">\n\n<\/div><\/div><\/div><div class=\"container core\/spacer\"><div class=\"row justify-content-center\"><div class=\"col col-12 col-lg-10\">\n<div style=\"height:64px\" aria-hidden=\"true\" class=\"wp-block-spacer\"><\/div>\n<\/div><\/div><\/div><div class=\"container \"><div class=\"row justify-content-center\"><div class=\"col col-12 col-lg-10\">\n\n<\/div><\/div><\/div>\n\n    <section class=\"section-insights-tiles py-50\">\n        <div class=\"container\">\n            <div class=\"row justify-content-center\">\n                <div class=\"col-12 col-lg-10\">\n                    <div class=\"tile-copy\">\n                        <h2>Guides de vitesse Internet<\/h2>\n                                            <\/div>\n                    \n\n                    <div class=\"row\">\n                                            <div class=\"col col-12 col-md-12 col-lg-4\">\n                            <a href=\"https:\/\/www.testmyspeed.com\/insights\/internet-slow-reasons-why\" class=\"insight-tile-cont h-100\">\n                            <div class=\"tile-header\">\n                                <div class=\"img-cont\">\n                                    <img decoding=\"async\" src=\"https:\/\/www.testmyspeed.com\/wp-content\/uploads\/2022\/03\/fix_slow_internet_speed_featured_graphic.png\" alt=\"15 Reasons for Slow Internet\">\n                                <\/div>\n                            <\/div>\n                            <div class=\"tile-body\">\n                                <h3>15 Reasons for Slow Internet<\/h3>\n                                <span class=\"text-grey mb-4 d-block\">By: Keith Carlson<\/span>                                <span class=\"btn btn-primary btn-sm\"><span> Lire la suite<\/span><\/span>\n                            <\/div>\n                            <\/a>\n                        <\/div>\n                                            <div class=\"col col-12 col-md-12 col-lg-4\">\n                            <a href=\"https:\/\/www.testmyspeed.com\/insights\/download-vs-upload-speeds\" class=\"insight-tile-cont h-100\">\n                            <div class=\"tile-header\">\n                                <div class=\"img-cont\">\n                                    <img decoding=\"async\" src=\"https:\/\/www.testmyspeed.com\/wp-content\/uploads\/2022\/03\/download_upload_speeds_featured_graphic.png\" alt=\"Download vs. Upload Speeds: A Complete Guide to Internet Performance\">\n                                <\/div>\n                            <\/div>\n                            <div class=\"tile-body\">\n                                <h3>Download vs. Upload Speeds: A Complete Guide to Internet Performance<\/h3>\n                                <span class=\"text-grey mb-4 d-block\">By: Keith Carlson<\/span>                                <span class=\"btn btn-primary btn-sm\"><span> Lire la suite<\/span><\/span>\n                            <\/div>\n                            <\/a>\n                        <\/div>\n                                            <div class=\"col col-12 col-md-12 col-lg-4\">\n                            <a href=\"https:\/\/www.testmyspeed.com\/insights\/internet-speed-test-results-explained\" class=\"insight-tile-cont h-100\">\n                            <div class=\"tile-header\">\n                                <div class=\"img-cont\">\n                                    <img decoding=\"async\" src=\"https:\/\/www.testmyspeed.com\/wp-content\/uploads\/2023\/08\/internet_speed_test_results_explained.png\" alt=\"Internet Speed Test Results Explained\">\n                                <\/div>\n                            <\/div>\n                            <div class=\"tile-body\">\n                                <h3>Internet Speed Test Results Explained<\/h3>\n                                <span class=\"text-grey mb-4 d-block\">By: Keith Carlson<\/span>                                <span class=\"btn btn-primary btn-sm\"><span> Lire la suite<\/span><\/span>\n                            <\/div>\n                            <\/a>\n                        <\/div>\n                                        <\/div>\n                <\/div>\n                \n            <\/div>\n        <\/div>\n    <\/section>\n\n<div class=\"container \"><div class=\"row justify-content-center\"><div class=\"col col-12 col-lg-10\">\n\n<\/div><\/div><\/div><div class=\"container core\/spacer\"><div class=\"row justify-content-center\"><div class=\"col col-12 col-lg-10\">\n<div style=\"height:64px\" aria-hidden=\"true\" class=\"wp-block-spacer\"><\/div>\n<\/div><\/div><\/div><div class=\"container \"><div class=\"row justify-content-center\"><div class=\"col col-12 col-lg-10\">\n\n<\/div><\/div><\/div>\n<section class=\"section-faq mb-50 mt-0 mt-md-50\">\n    <div class=\"container\">\n        <div class=\"row justify-content-center row-faq\">\n            <div class=\"col col-12 col-lg-10 col-faq-wrap\">\n                <h2>FAQ sur les tests de vitesse<\/h2><div class=\"faq-card\"><h3 class=\"question\">Qu&rsquo;est-ce qu&rsquo;un test de vitesse internet ?<\/h3><div class=\"answer\"><p><span style=\"font-weight: 400;\">La plupart des <\/span><a href=\"https:\/\/www.highspeedoptions.com\/internet\"><span style=\"font-weight: 400;\">fournisseurs d&rsquo;acc\u00e8s \u00e0 Internet<\/span><\/a><span style=\"font-weight: 400;\"> annoncent des vitesses maximales, il est donc courant de constater une diff\u00e9rence entre votre vitesse r\u00e9elle et celle pour laquelle vous avez souscrit. Un test de vitesse Internet est un moyen fiable de mesurer la vitesse et la qualit\u00e9 de votre connexion actuelle. <\/span><\/p>\n<\/div><\/div><div class=\"faq-card\"><h3 class=\"question\">Comment tester la vitesse de mon Internet ?<\/h3><div class=\"answer\"><p><span style=\"font-weight: 400;\">Utilisez TestMySpeed pour effectuer un test en moins d&rsquo;une minute. Cliquez simplement sur d\u00e9marrer et notre outil ex\u00e9cutera des diagnostics en arri\u00e8re-plan et fournira <\/span><a href=\"\/insights\/internet-speed-test-results-explained\"><span style=\"font-weight: 400;\">les r\u00e9sultats de votre test<\/span><\/a><span style=\"font-weight: 400;\">. <\/span><\/p>\n<\/div><\/div><div class=\"faq-card\"><h3 class=\"question\">Que mesure un test de vitesse Internet ?<\/h3><div class=\"answer\"><p>Un test mesure :<\/p>\n<ul>\n<li><a href=\"\/insights\/download-vs-upload-speeds\">Les vitesses de t\u00e9l\u00e9chargement et d&rsquo;envoi<\/a> : Elles indiquent la rapidit\u00e9 avec laquelle vous pouvez t\u00e9l\u00e9charger et envoyer des fichiers.<\/li>\n<li>Temps de ping : Le temps n\u00e9cessaire pour qu&rsquo;un signal fasse l&rsquo;aller-retour entre votre appareil et un serveur.<\/li>\n<\/ul>\n<p><span style=\"font-weight: 400;\">Ces r\u00e9sultats permettent d&rsquo;\u00e9valuer les performances de votre <\/span><span style=\"font-weight: 400;\">connexion Internet<\/span><span style=\"font-weight: 400;\"> et de v\u00e9rifier si vous obtenez la vitesse pour laquelle vous payez.<\/span><\/p>\n<\/div><\/div><div class=\"faq-card\"><h3 class=\"question\">Comment \u00e9viter la limitation de d\u00e9bit par le FAI ?<\/h3><div class=\"answer\"><p><a href=\"https:\/\/www.highspeedoptions.com\/resources\/insights\/how-to-tell-internet-throttled-ways-to-avoid-it\" target=\"_blank\" rel=\"noopener\"><span style=\"font-weight: 400;\">La limitation de d\u00e9bit<\/span><\/a><span style=\"font-weight: 400;\"> se produit lorsque votre fournisseur ralentit intentionnellement votre connexion. Cela peut \u00eatre d\u00fb \u00e0 une <\/span><a href=\"https:\/\/www.highspeedoptions.com\/resources\/insights\/slow-internet-at-night\"><span style=\"font-weight: 400;\">congestion du r\u00e9seau<\/span><\/a><span style=\"font-weight: 400;\"> ou \u00e0 des restrictions de trafic. Un test Wi-Fi rapide peut le confirmer.<\/span><\/p>\n<\/div><\/div><div class=\"faq-card\"><h3 class=\"question\">Pourquoi mon Internet est-il si lent ?<\/h3><div class=\"answer\"><p><span style=\"font-weight: 400;\">Plusieurs facteurs peuvent provoquer un <\/span><a href=\"\/insights\/internet-slow-reasons-why\"><span style=\"font-weight: 400;\">Internet lent<\/span><\/a><span style=\"font-weight: 400;\">, comme la congestion ou la distance par rapport \u00e0 votre routeur. Un test de bande passante peut aider \u00e0 mesurer l&rsquo;\u00e9cart. Si le probl\u00e8me persiste, contactez votre fournisseur.<\/span><\/p>\n<\/div><\/div><div class=\"faq-card\"><h3 class=\"question\">Comment am\u00e9liorer la vitesse de mon Wi-Fi ?<\/h3><div class=\"answer\"><p class=\"p1\"><span style=\"font-weight: 400;\">Il existe plusieurs fa\u00e7ons d&rsquo;<\/span><a href=\"https:\/\/www.highspeedoptions.com\/resources\/insights\/how-to-boost-wifi-signal\"><span style=\"font-weight: 400;\">am\u00e9liorer votre Wi-Fi<\/span><\/a><span style=\"font-weight: 400;\">. Conseils efficaces :<\/span><\/p>\n<ul>\n<li style=\"text-align: left;\">Placez votre routeur dans un emplacement central.<\/li>\n<li style=\"text-align: left;\">\u00c9vitez les objets m\u00e9talliques \u00e0 proximit\u00e9.<\/li>\n<li style=\"text-align: left;\">Utilisez un <a href=\"https:\/\/www.highspeedoptions.com\/resources\/insights\/wifi-extenders-vs-mesh-wifi\">r\u00e9p\u00e9teur Wi-Fi<\/a><\/li>\n<li style=\"text-align: left;\">Mettez \u00e0 jour le firmware du routeur.<\/li>\n<\/ul>\n<\/div><\/div>            <\/div>\n        <\/div>\n    <\/div>\n<\/section>\n\n<script type=\"application\/ld+json\">\n{\n    \"@context\": \"https:\/\/schema.org\",\n    \"@type\": \"FAQPage\",\n    \"mainEntity\": [\n        {\n            \"@type\": \"Question\",\n            \"name\": \"Qu'est-ce qu'un test de vitesse internet ?\",\n            \"acceptedAnswer\": {\n                \"@type\": \"Answer\",\n                \"text\": \"La plupart des fournisseurs d&rsquo;acc\u00e8s \u00e0 Internet annoncent des vitesses maximales, il est donc courant de constater une diff\u00e9rence entre votre vitesse r\u00e9elle et celle pour laquelle vous avez souscrit. Un test de vitesse Internet est un moyen fiable de mesurer la vitesse et la qualit\u00e9 de votre connexion actuelle.\"\n            }\n        },\n        {\n            \"@type\": \"Question\",\n            \"name\": \"Comment tester la vitesse de mon Internet ?\",\n            \"acceptedAnswer\": {\n                \"@type\": \"Answer\",\n                \"text\": \"Utilisez TestMySpeed pour effectuer un test en moins d&rsquo;une minute. Cliquez simplement sur d\u00e9marrer et notre outil ex\u00e9cutera des diagnostics en arri\u00e8re-plan et fournira les r\u00e9sultats de votre test.\"\n            }\n        },\n        {\n            \"@type\": \"Question\",\n            \"name\": \"Que mesure un test de vitesse Internet ?\",\n            \"acceptedAnswer\": {\n                \"@type\": \"Answer\",\n                \"text\": \"Un test mesure :\\n\\nLes vitesses de t\u00e9l\u00e9chargement et d&rsquo;envoi : Elles indiquent la rapidit\u00e9 avec laquelle vous pouvez t\u00e9l\u00e9charger et envoyer des fichiers.\\nTemps de ping : Le temps n\u00e9cessaire pour qu&rsquo;un signal fasse l&rsquo;aller-retour entre votre appareil et un serveur.\\n\\nCes r\u00e9sultats permettent d&rsquo;\u00e9valuer les performances de votre connexion Internet et de v\u00e9rifier si vous obtenez la vitesse pour laquelle vous payez.\"\n            }\n        },\n        {\n            \"@type\": \"Question\",\n            \"name\": \"Comment \u00e9viter la limitation de d\u00e9bit par le FAI ?\",\n            \"acceptedAnswer\": {\n                \"@type\": \"Answer\",\n                \"text\": \"La limitation de d\u00e9bit se produit lorsque votre fournisseur ralentit intentionnellement votre connexion. Cela peut \u00eatre d\u00fb \u00e0 une congestion du r\u00e9seau ou \u00e0 des restrictions de trafic. Un test Wi-Fi rapide peut le confirmer.\"\n            }\n        },\n        {\n            \"@type\": \"Question\",\n            \"name\": \"Pourquoi mon Internet est-il si lent ?\",\n            \"acceptedAnswer\": {\n                \"@type\": \"Answer\",\n                \"text\": \"Plusieurs facteurs peuvent provoquer un Internet lent, comme la congestion ou la distance par rapport \u00e0 votre routeur. Un test de bande passante peut aider \u00e0 mesurer l&rsquo;\u00e9cart. Si le probl\u00e8me persiste, contactez votre fournisseur.\"\n            }\n        },\n        {\n            \"@type\": \"Question\",\n            \"name\": \"Comment am\u00e9liorer la vitesse de mon Wi-Fi ?\",\n            \"acceptedAnswer\": {\n                \"@type\": \"Answer\",\n                \"text\": \"Il existe plusieurs fa\u00e7ons d&rsquo;am\u00e9liorer votre Wi-Fi. Conseils efficaces :\\n\\nPlacez votre routeur dans un emplacement central.\\n\u00c9vitez les objets m\u00e9talliques \u00e0 proximit\u00e9.\\nUtilisez un r\u00e9p\u00e9teur Wi-Fi\\nMettez \u00e0 jour le firmware du routeur.\"\n            }\n        }\n    ]\n}<\/script>\n\n\n\n\n<div class=\"container \"><div class=\"row justify-content-center\"><div class=\"col col-12 col-lg-10\">\n\n<\/div><\/div><\/div><div class=\"container core\/spacer\"><div class=\"row justify-content-center\"><div class=\"col col-12 col-lg-10\">\n<div style=\"height:50px\" aria-hidden=\"true\" class=\"wp-block-spacer\"><\/div>\n<\/div><\/div><\/div>","protected":false},"excerpt":{"rendered":"","protected":false},"author":2,"featured_media":0,"parent":0,"menu_order":0,"comment_status":"closed","ping_status":"closed","template":"","meta":{"inline_featured_image":false},"acf":[],"yoast_head":"<!-- This site is optimized with the Yoast SEO Premium plugin v20.6 (Yoast SEO v20.11) - https:\/\/yoast.com\/wordpress\/plugins\/seo\/ -->\n<title>Test de vitesse Internet - V\u00e9rifier la vitesse du WiFi | TestMySpeed.com<\/title>\n<meta name=\"description\" content=\"Utilisez TestMySpeed pour effectuer un test de vitesse Internet. Obtenez des statistiques en temps r\u00e9el sur vos performances Internet en testant vos vitesses de t\u00e9l\u00e9chargement, d&#039;envoi et de ping.\" \/>\n<meta name=\"robots\" content=\"index, follow, max-snippet:-1, max-image-preview:large, max-video-preview:-1\" \/>\n<link rel=\"canonical\" href=\"https:\/\/www.testmyspeed.com\/fr\" \/>\n<meta property=\"og:locale\" content=\"fr_FR\" \/>\n<meta property=\"og:type\" content=\"article\" \/>\n<meta property=\"og:title\" content=\"Test de vitesse Internet\" \/>\n<meta property=\"og:description\" content=\"Utilisez TestMySpeed pour effectuer un test de vitesse Internet. Obtenez des statistiques en temps r\u00e9el sur vos performances Internet en testant vos vitesses de t\u00e9l\u00e9chargement, d&#039;envoi et de ping.\" \/>\n<meta property=\"og:url\" content=\"https:\/\/www.testmyspeed.com\/fr\" \/>\n<meta property=\"og:site_name\" content=\"Internet Speed Test | TestMySpeed.com\" \/>\n<meta property=\"article:modified_time\" content=\"2026-03-11T09:09:07+00:00\" \/>\n<meta name=\"twitter:card\" content=\"summary_large_image\" \/>\n<script type=\"application\/ld+json\" class=\"yoast-schema-graph\">{\"@context\":\"https:\/\/schema.org\",\"@graph\":[{\"@type\":\"WebPage\",\"@id\":\"https:\/\/www.testmyspeed.com\/fr\",\"url\":\"https:\/\/www.testmyspeed.com\/fr\",\"name\":\"Test de vitesse Internet - V\u00e9rifier la vitesse du WiFi | TestMySpeed.com\",\"isPartOf\":{\"@id\":\"https:\/\/www.testmyspeed.com\/fr#website\"},\"datePublished\":\"2024-06-18T18:00:00+00:00\",\"dateModified\":\"2026-03-11T09:09:07+00:00\",\"description\":\"Utilisez TestMySpeed pour effectuer un test de vitesse Internet. Obtenez des statistiques en temps r\u00e9el sur vos performances Internet en testant vos vitesses de t\u00e9l\u00e9chargement, d'envoi et de ping.\",\"breadcrumb\":{\"@id\":\"https:\/\/www.testmyspeed.com\/fr#breadcrumb\"},\"inLanguage\":\"fr-FR\",\"potentialAction\":[{\"@type\":\"ReadAction\",\"target\":[\"https:\/\/www.testmyspeed.com\/fr\"]}]},{\"@type\":\"BreadcrumbList\",\"@id\":\"https:\/\/www.testmyspeed.com\/fr#breadcrumb\",\"itemListElement\":[{\"@type\":\"ListItem\",\"position\":1,\"name\":\"home\",\"item\":\"https:\/\/www.testmyspeed.com\/fr\"},{\"@type\":\"ListItem\",\"position\":2,\"name\":\"Test de vitesse Internet\"}]},{\"@type\":\"WebSite\",\"@id\":\"https:\/\/www.testmyspeed.com\/fr#website\",\"url\":\"https:\/\/www.testmyspeed.com\/fr\",\"name\":\"Internet Speed Test | TestMySpeed.com\",\"description\":\"Testing Internet Speed Since 2000\",\"publisher\":{\"@id\":\"https:\/\/www.testmyspeed.com\/fr#organization\"},\"potentialAction\":[{\"@type\":\"SearchAction\",\"target\":{\"@type\":\"EntryPoint\",\"urlTemplate\":\"https:\/\/www.testmyspeed.com\/fr?s={search_term_string}\"},\"query-input\":\"required name=search_term_string\"}],\"inLanguage\":\"fr-FR\"},{\"@type\":\"Organization\",\"@id\":\"https:\/\/www.testmyspeed.com\/fr#organization\",\"name\":\"Internet Speed Test | TestMySpeed.com\",\"url\":\"https:\/\/www.testmyspeed.com\/fr\",\"logo\":{\"@type\":\"ImageObject\",\"inLanguage\":\"fr-FR\",\"@id\":\"https:\/\/www.testmyspeed.com\/fr#\/schema\/logo\/image\/\",\"url\":\"https:\/\/www.testmyspeed.com\/wp-content\/uploads\/2022\/03\/test-my-speed-icon.svg\",\"contentUrl\":\"https:\/\/www.testmyspeed.com\/wp-content\/uploads\/2022\/03\/test-my-speed-icon.svg\",\"width\":36,\"height\":36,\"caption\":\"Internet Speed Test | TestMySpeed.com\"},\"image\":{\"@id\":\"https:\/\/www.testmyspeed.com\/fr#\/schema\/logo\/image\/\"}}]}<\/script>\n<!-- \/ Yoast SEO Premium plugin. -->","yoast_head_json":{"title":"Test de vitesse Internet - V\u00e9rifier la vitesse du WiFi | TestMySpeed.com","description":"Utilisez TestMySpeed pour effectuer un test de vitesse Internet. Obtenez des statistiques en temps r\u00e9el sur vos performances Internet en testant vos vitesses de t\u00e9l\u00e9chargement, d'envoi et de ping.","robots":{"index":"index","follow":"follow","max-snippet":"max-snippet:-1","max-image-preview":"max-image-preview:large","max-video-preview":"max-video-preview:-1"},"canonical":"https:\/\/www.testmyspeed.com\/fr","og_locale":"fr_FR","og_type":"article","og_title":"Test de vitesse Internet","og_description":"Utilisez TestMySpeed pour effectuer un test de vitesse Internet. Obtenez des statistiques en temps r\u00e9el sur vos performances Internet en testant vos vitesses de t\u00e9l\u00e9chargement, d'envoi et de ping.","og_url":"https:\/\/www.testmyspeed.com\/fr","og_site_name":"Internet Speed Test | TestMySpeed.com","article_modified_time":"2026-03-11T09:09:07+00:00","twitter_card":"summary_large_image","schema":{"@context":"https:\/\/schema.org","@graph":[{"@type":"WebPage","@id":"https:\/\/www.testmyspeed.com\/fr","url":"https:\/\/www.testmyspeed.com\/fr","name":"Test de vitesse Internet - V\u00e9rifier la vitesse du WiFi | TestMySpeed.com","isPartOf":{"@id":"https:\/\/www.testmyspeed.com\/fr#website"},"datePublished":"2024-06-18T18:00:00+00:00","dateModified":"2026-03-11T09:09:07+00:00","description":"Utilisez TestMySpeed pour effectuer un test de vitesse Internet. Obtenez des statistiques en temps r\u00e9el sur vos performances Internet en testant vos vitesses de t\u00e9l\u00e9chargement, d'envoi et de ping.","breadcrumb":{"@id":"https:\/\/www.testmyspeed.com\/fr#breadcrumb"},"inLanguage":"fr-FR","potentialAction":[{"@type":"ReadAction","target":["https:\/\/www.testmyspeed.com\/fr"]}]},{"@type":"BreadcrumbList","@id":"https:\/\/www.testmyspeed.com\/fr#breadcrumb","itemListElement":[{"@type":"ListItem","position":1,"name":"home","item":"https:\/\/www.testmyspeed.com\/fr"},{"@type":"ListItem","position":2,"name":"Test de vitesse Internet"}]},{"@type":"WebSite","@id":"https:\/\/www.testmyspeed.com\/fr#website","url":"https:\/\/www.testmyspeed.com\/fr","name":"Internet Speed Test | TestMySpeed.com","description":"Testing Internet Speed Since 2000","publisher":{"@id":"https:\/\/www.testmyspeed.com\/fr#organization"},"potentialAction":[{"@type":"SearchAction","target":{"@type":"EntryPoint","urlTemplate":"https:\/\/www.testmyspeed.com\/fr?s={search_term_string}"},"query-input":"required name=search_term_string"}],"inLanguage":"fr-FR"},{"@type":"Organization","@id":"https:\/\/www.testmyspeed.com\/fr#organization","name":"Internet Speed Test | TestMySpeed.com","url":"https:\/\/www.testmyspeed.com\/fr","logo":{"@type":"ImageObject","inLanguage":"fr-FR","@id":"https:\/\/www.testmyspeed.com\/fr#\/schema\/logo\/image\/","url":"https:\/\/www.testmyspeed.com\/wp-content\/uploads\/2022\/03\/test-my-speed-icon.svg","contentUrl":"https:\/\/www.testmyspeed.com\/wp-content\/uploads\/2022\/03\/test-my-speed-icon.svg","width":36,"height":36,"caption":"Internet Speed Test | TestMySpeed.com"},"image":{"@id":"https:\/\/www.testmyspeed.com\/fr#\/schema\/logo\/image\/"}}]}},"_links":{"self":[{"href":"https:\/\/www.testmyspeed.com\/fr\/wp-json\/wp\/v2\/pages\/509"}],"collection":[{"href":"https:\/\/www.testmyspeed.com\/fr\/wp-json\/wp\/v2\/pages"}],"about":[{"href":"https:\/\/www.testmyspeed.com\/fr\/wp-json\/wp\/v2\/types\/page"}],"author":[{"embeddable":true,"href":"https:\/\/www.testmyspeed.com\/fr\/wp-json\/wp\/v2\/users\/2"}],"replies":[{"embeddable":true,"href":"https:\/\/www.testmyspeed.com\/fr\/wp-json\/wp\/v2\/comments?post=509"}],"version-history":[{"count":0,"href":"https:\/\/www.testmyspeed.com\/fr\/wp-json\/wp\/v2\/pages\/509\/revisions"}],"wp:attachment":[{"href":"https:\/\/www.testmyspeed.com\/fr\/wp-json\/wp\/v2\/media?parent=509"}],"curies":[{"name":"wp","href":"https:\/\/api.w.org\/{rel}","templated":true}]}}